{"id":340796,"date":"2020-05-01T16:31:31","date_gmt":"2020-05-01T16:31:31","guid":{"rendered":"https:\/\/smartwheelscuracao.com\/nutzungsbedingungen\/"},"modified":"2026-03-31T01:13:46","modified_gmt":"2026-03-31T01:13:46","slug":"terms-of-use","status":"publish","type":"page","link":"https:\/\/smartwheelscuracao.com\/de\/terms-of-use\/","title":{"rendered":"Nutzungsbedingungen"},"content":{"rendered":"\t\t<div data-elementor-type=\"wp-page\" data-elementor-id=\"340796\" class=\"elementor elementor-340796 elementor-2078\" data-elementor-post-type=\"page\">\n\t\t\t\t\t\t<article class=\"elementor-section elementor-top-section elementor-element elementor-element-d9379d elementor-section-boxed elementor-section-height-default elementor-section-height-default\" data-id=\"d9379d\" data-element_type=\"section\" data-e-type=\"section\">\n\t\t\t\t\t\t<div class=\"elementor-container elementor-column-gap-default\">\n\t\t\t\t\t<div class=\"elementor-column elementor-col-100 elementor-top-column elementor-element elementor-element-7b23f077\" data-id=\"7b23f077\" data-element_type=\"column\" data-e-type=\"column\">\n\t\t\t<div class=\"elementor-widget-wrap elementor-element-populated\">\n\t\t\t\t\t\t<div class=\"elementor-element elementor-element-a8d2526 elementor-widget elementor-widget-heading\" data-id=\"a8d2526\" data-element_type=\"widget\" data-e-type=\"widget\" data-widget_type=\"heading.default\">\n\t\t\t\t<div class=\"elementor-widget-container\">\n\t\t\t\t\t<h1 class=\"elementor-heading-title elementor-size-default\">Bedingungen<\/h1>\t\t\t\t<\/div>\n\t\t\t\t<\/div>\n\t\t\t\t\t<\/div>\n\t\t<\/div>\n\t\t\t\t\t<\/div>\n\t\t<\/article>\n\t\t\t\t<\/div>\n\t\t","protected":false},"excerpt":{"rendered":"<p>Bedingungen<\/p>\n","protected":false},"author":1,"featured_media":0,"parent":0,"menu_order":0,"comment_status":"closed","ping_status":"closed","template":"","meta":{"_acf_changed":false,"footnotes":""},"class_list":["post-340796","page","type-page","status-publish","hentry"],"acf":[],"yoast_head":"<!-- This site is optimized with the Yoast SEO plugin v27.1.1 - https:\/\/yoast.com\/product\/yoast-seo-wordpress\/ -->\n<title>Nutzungsbedingungen | SmartWheels Cura\u00e7ao<\/title>\n<meta name=\"description\" content=\"\u00dcberpr\u00fcfe die Mietbedingungen f\u00fcr SmartWheels Cura\u00e7ao. Mache dich mit unseren Richtlinien f\u00fcr Auto- und Rollervermietungen vertraut, bevor du buchst.\" \/>\n<meta name=\"robots\" content=\"noindex, follow\" \/>\n<meta property=\"og:locale\" content=\"de_DE\" \/>\n<meta property=\"og:type\" content=\"article\" \/>\n<meta property=\"og:title\" content=\"Nutzungsbedingungen | SmartWheels Cura\u00e7ao\" \/>\n<meta property=\"og:description\" content=\"\u00dcberpr\u00fcfe die Mietbedingungen f\u00fcr SmartWheels Cura\u00e7ao. Mache dich mit unseren Richtlinien f\u00fcr Auto- und Rollervermietungen vertraut, bevor du buchst.\" \/>\n<meta property=\"og:url\" content=\"https:\/\/smartwheelscuracao.com\/de\/terms-of-use\/\" \/>\n<meta property=\"og:site_name\" content=\"Smart Wheels\" \/>\n<meta property=\"article:publisher\" content=\"https:\/\/www.facebook.com\/SmartWheelsCuracao\/\" \/>\n<meta property=\"article:modified_time\" content=\"2026-03-31T01:13:46+00:00\" \/>\n<meta property=\"og:image\" content=\"https:\/\/smartwheelscuracao.com\/wp-content\/uploads\/2020\/05\/social-media.png\" \/>\n\t<meta property=\"og:image:width\" content=\"1200\" \/>\n\t<meta property=\"og:image:height\" content=\"630\" \/>\n\t<meta property=\"og:image:type\" content=\"image\/png\" \/>\n<meta name=\"twitter:card\" content=\"summary_large_image\" \/>\n<script type=\"application\/ld+json\" class=\"yoast-schema-graph\">{\"@context\":\"https:\/\/schema.org\",\"@graph\":[{\"@type\":\"WebPage\",\"@id\":\"https:\/\/smartwheelscuracao.com\/de\/terms-of-use\/\",\"url\":\"https:\/\/smartwheelscuracao.com\/de\/terms-of-use\/\",\"name\":\"Nutzungsbedingungen | SmartWheels Cura\u00e7ao\",\"isPartOf\":{\"@id\":\"https:\/\/smartwheelscuracao.com\/de\/#website\"},\"datePublished\":\"2020-05-01T16:31:31+00:00\",\"dateModified\":\"2026-03-31T01:13:46+00:00\",\"description\":\"\u00dcberpr\u00fcfe die Mietbedingungen f\u00fcr SmartWheels Cura\u00e7ao. Mache dich mit unseren Richtlinien f\u00fcr Auto- und Rollervermietungen vertraut, bevor du buchst.\",\"breadcrumb\":{\"@id\":\"https:\/\/smartwheelscuracao.com\/de\/terms-of-use\/#breadcrumb\"},\"inLanguage\":\"de\",\"potentialAction\":[{\"@type\":\"ReadAction\",\"target\":[\"https:\/\/smartwheelscuracao.com\/de\/terms-of-use\/\"]}]},{\"@type\":\"BreadcrumbList\",\"@id\":\"https:\/\/smartwheelscuracao.com\/de\/terms-of-use\/#breadcrumb\",\"itemListElement\":[{\"@type\":\"ListItem\",\"position\":1,\"name\":\"Home\",\"item\":\"https:\/\/smartwheelscuracao.com\/de\/?lang=de\"},{\"@type\":\"ListItem\",\"position\":2,\"name\":\"Nutzungsbedingungen\"}]},{\"@type\":\"WebSite\",\"@id\":\"https:\/\/smartwheelscuracao.com\/de\/#website\",\"url\":\"https:\/\/smartwheelscuracao.com\/de\/\",\"name\":\"Smart Wheels\",\"description\":\"BEST car rental in curacao - if you\u2019re looking for car rental services near me - Smartwheels is the place to be\",\"publisher\":{\"@id\":\"https:\/\/smartwheelscuracao.com\/de\/#organization\"},\"potentialAction\":[{\"@type\":\"SearchAction\",\"target\":{\"@type\":\"EntryPoint\",\"urlTemplate\":\"https:\/\/smartwheelscuracao.com\/de\/?s={search_term_string}\"},\"query-input\":{\"@type\":\"PropertyValueSpecification\",\"valueRequired\":true,\"valueName\":\"search_term_string\"}}],\"inLanguage\":\"de\"},{\"@type\":\"Organization\",\"@id\":\"https:\/\/smartwheelscuracao.com\/de\/#organization\",\"name\":\"Smart Wheels\",\"url\":\"https:\/\/smartwheelscuracao.com\/de\/\",\"logo\":{\"@type\":\"ImageObject\",\"inLanguage\":\"de\",\"@id\":\"https:\/\/smartwheelscuracao.com\/de\/#\/schema\/logo\/image\/\",\"url\":\"https:\/\/smartwheelscuracao.com\/wp-content\/uploads\/2020\/03\/SmartWheels-Logo.svg\",\"contentUrl\":\"https:\/\/smartwheelscuracao.com\/wp-content\/uploads\/2020\/03\/SmartWheels-Logo.svg\",\"width\":451.94999999999998863131622783839702606201171875,\"height\":190.6200000000000045474735088646411895751953125,\"caption\":\"Smart Wheels\"},\"image\":{\"@id\":\"https:\/\/smartwheelscuracao.com\/de\/#\/schema\/logo\/image\/\"},\"sameAs\":[\"https:\/\/www.facebook.com\/SmartWheelsCuracao\/\",\"https:\/\/www.instagram.com\/smartwheelscuracao\/\"]}]}<\/script>\n<!-- \/ Yoast SEO plugin. -->","yoast_head_json":{"title":"Nutzungsbedingungen | SmartWheels Cura\u00e7ao","description":"\u00dcberpr\u00fcfe die Mietbedingungen f\u00fcr SmartWheels Cura\u00e7ao. Mache dich mit unseren Richtlinien f\u00fcr Auto- und Rollervermietungen vertraut, bevor du buchst.","robots":{"index":"noindex","follow":"follow"},"og_locale":"de_DE","og_type":"article","og_title":"Nutzungsbedingungen | SmartWheels Cura\u00e7ao","og_description":"\u00dcberpr\u00fcfe die Mietbedingungen f\u00fcr SmartWheels Cura\u00e7ao. Mache dich mit unseren Richtlinien f\u00fcr Auto- und Rollervermietungen vertraut, bevor du buchst.","og_url":"https:\/\/smartwheelscuracao.com\/de\/terms-of-use\/","og_site_name":"Smart Wheels","article_publisher":"https:\/\/www.facebook.com\/SmartWheelsCuracao\/","article_modified_time":"2026-03-31T01:13:46+00:00","og_image":[{"width":1200,"height":630,"url":"https:\/\/smartwheelscuracao.com\/wp-content\/uploads\/2020\/05\/social-media.png","type":"image\/png"}],"twitter_card":"summary_large_image","schema":{"@context":"https:\/\/schema.org","@graph":[{"@type":"WebPage","@id":"https:\/\/smartwheelscuracao.com\/de\/terms-of-use\/","url":"https:\/\/smartwheelscuracao.com\/de\/terms-of-use\/","name":"Nutzungsbedingungen | SmartWheels Cura\u00e7ao","isPartOf":{"@id":"https:\/\/smartwheelscuracao.com\/de\/#website"},"datePublished":"2020-05-01T16:31:31+00:00","dateModified":"2026-03-31T01:13:46+00:00","description":"\u00dcberpr\u00fcfe die Mietbedingungen f\u00fcr SmartWheels Cura\u00e7ao. Mache dich mit unseren Richtlinien f\u00fcr Auto- und Rollervermietungen vertraut, bevor du buchst.","breadcrumb":{"@id":"https:\/\/smartwheelscuracao.com\/de\/terms-of-use\/#breadcrumb"},"inLanguage":"de","potentialAction":[{"@type":"ReadAction","target":["https:\/\/smartwheelscuracao.com\/de\/terms-of-use\/"]}]},{"@type":"BreadcrumbList","@id":"https:\/\/smartwheelscuracao.com\/de\/terms-of-use\/#breadcrumb","itemListElement":[{"@type":"ListItem","position":1,"name":"Home","item":"https:\/\/smartwheelscuracao.com\/de\/?lang=de"},{"@type":"ListItem","position":2,"name":"Nutzungsbedingungen"}]},{"@type":"WebSite","@id":"https:\/\/smartwheelscuracao.com\/de\/#website","url":"https:\/\/smartwheelscuracao.com\/de\/","name":"Smart Wheels","description":"BEST car rental in curacao - if you\u2019re looking for car rental services near me - Smartwheels is the place to be","publisher":{"@id":"https:\/\/smartwheelscuracao.com\/de\/#organization"},"potentialAction":[{"@type":"SearchAction","target":{"@type":"EntryPoint","urlTemplate":"https:\/\/smartwheelscuracao.com\/de\/?s={search_term_string}"},"query-input":{"@type":"PropertyValueSpecification","valueRequired":true,"valueName":"search_term_string"}}],"inLanguage":"de"},{"@type":"Organization","@id":"https:\/\/smartwheelscuracao.com\/de\/#organization","name":"Smart Wheels","url":"https:\/\/smartwheelscuracao.com\/de\/","logo":{"@type":"ImageObject","inLanguage":"de","@id":"https:\/\/smartwheelscuracao.com\/de\/#\/schema\/logo\/image\/","url":"https:\/\/smartwheelscuracao.com\/wp-content\/uploads\/2020\/03\/SmartWheels-Logo.svg","contentUrl":"https:\/\/smartwheelscuracao.com\/wp-content\/uploads\/2020\/03\/SmartWheels-Logo.svg","width":451.94999999999998863131622783839702606201171875,"height":190.6200000000000045474735088646411895751953125,"caption":"Smart Wheels"},"image":{"@id":"https:\/\/smartwheelscuracao.com\/de\/#\/schema\/logo\/image\/"},"sameAs":["https:\/\/www.facebook.com\/SmartWheelsCuracao\/","https:\/\/www.instagram.com\/smartwheelscuracao\/"]}]}},"_links":{"self":[{"href":"https:\/\/smartwheelscuracao.com\/de\/wp-json\/wp\/v2\/pages\/340796","targetHints":{"allow":["GET"]}}],"collection":[{"href":"https:\/\/smartwheelscuracao.com\/de\/wp-json\/wp\/v2\/pages"}],"about":[{"href":"https:\/\/smartwheelscuracao.com\/de\/wp-json\/wp\/v2\/types\/page"}],"author":[{"embeddable":true,"href":"https:\/\/smartwheelscuracao.com\/de\/wp-json\/wp\/v2\/users\/1"}],"replies":[{"embeddable":true,"href":"https:\/\/smartwheelscuracao.com\/de\/wp-json\/wp\/v2\/comments?post=340796"}],"version-history":[{"count":1,"href":"https:\/\/smartwheelscuracao.com\/de\/wp-json\/wp\/v2\/pages\/340796\/revisions"}],"predecessor-version":[{"id":340797,"href":"https:\/\/smartwheelscuracao.com\/de\/wp-json\/wp\/v2\/pages\/340796\/revisions\/340797"}],"wp:attachment":[{"href":"https:\/\/smartwheelscuracao.com\/de\/wp-json\/wp\/v2\/media?parent=340796"}],"curies":[{"name":"wp","href":"https:\/\/api.w.org\/{rel}","templated":true}]}}