{"id":342896,"date":"2026-03-07T02:09:07","date_gmt":"2026-03-07T02:09:07","guid":{"rendered":"https:\/\/smartwheelscuracao.com\/allgemeine-geschaeftsbedingungen-fahren-sie-laenger-im-paradies\/"},"modified":"2026-03-31T00:56:01","modified_gmt":"2026-03-31T00:56:01","slug":"terms-of-use-drive-longerrr-in-paradise","status":"publish","type":"page","link":"https:\/\/smartwheelscuracao.com\/de\/terms-of-use-drive-longerrr-in-paradise\/","title":{"rendered":"Allgemeine Gesch\u00e4ftsbedingungen \u2013 FAHREN SIE L\u00c4NGER IM PARADIES"},"content":{"rendered":"\t\t<div data-elementor-type=\"wp-page\" data-elementor-id=\"342896\" class=\"elementor elementor-342896 elementor-338285\" data-elementor-post-type=\"page\">\n\t\t\t\t\t\t<article class=\"elementor-section elementor-top-section elementor-element elementor-element-d9379d elementor-section-boxed elementor-section-height-default elementor-section-height-default\" data-id=\"d9379d\" data-element_type=\"section\" data-e-type=\"section\">\n\t\t\t\t\t\t<div class=\"elementor-container elementor-column-gap-default\">\n\t\t\t\t\t<div class=\"elementor-column elementor-col-100 elementor-top-column elementor-element elementor-element-7b23f077\" data-id=\"7b23f077\" data-element_type=\"column\" data-e-type=\"column\">\n\t\t\t<div class=\"elementor-widget-wrap elementor-element-populated\">\n\t\t\t\t\t\t<div class=\"elementor-element elementor-element-9e31da6 elementor-widget elementor-widget-text-editor\" data-id=\"9e31da6\" data-element_type=\"widget\" data-e-type=\"widget\" data-widget_type=\"text-editor.default\">\n\t\t\t\t<div class=\"elementor-widget-container\">\n\t\t\t\t\t\t\t\t\t<h1 style=\"text-align: center;\">Allgemeine Gesch\u00e4ftsbedingungen \u2014 Fahren Sie l\u00e4nger im Paradies<\/h1><p>Vom 1. April bis zum 30. Juni erhalten Sie bei einer Anmietung bei Smart Wheels zus\u00e4tzliche Tage kostenlos.<\/p><h2>So funktioniert es<\/h2><ul><li>Mieten Sie 3 Tage \u2192 Erhalten Sie 1 zus\u00e4tzlichen Tag GRATIS<\/li><li>Mieten Sie 4 Tage \u2192 Erhalten Sie den 5. Tag GRATIS<\/li><li>Mieten Sie 5 Tage \u2192 Erhalten Sie den 6. Tag GRATIS \u2013 und so weiter.<\/li><\/ul><p>Der kostenlose Tag wird Ihrer Buchung automatisch hinzugef\u00fcgt, sobald die Mindestmietdauer erreicht ist.<\/p><h2>Was ist enthalten<\/h2><ul><li>G\u00fcltig f\u00fcr alle Fahrzeugkategorien (Economy, SUVs, Luxusfahrzeuge, Vans)<\/li><li>Mindestmietdauer: 3 aufeinanderfolgende bezahlte Tage<\/li><li>Der kostenlose Tag muss zusammenh\u00e4ngend innerhalb desselben Mietzeitraums genutzt werden<\/li><li>Verf\u00fcgbar f\u00fcr Buchungen \u00fcber unsere Website oder direkt in unseren B\u00fcros<br> <br> <br><\/li><\/ul><h2>Aktionszeitraum<\/h2><ul><li>Angebot g\u00fcltig vom 1. April bis zum 30. Juni<\/li><li>Die Miettage m\u00fcssen innerhalb dieses Aktionszeitraums liegen<\/li><\/ul><h2>Wichtige Informationen<\/h2><ul><li>Vorbehaltlich der Fahrzeugverf\u00fcgbarkeit<\/li><li>Kann nicht mit anderen Aktionen oder Sonderrabatten kombiniert werden<\/li><li>Nicht g\u00fcltig f\u00fcr bestehende Buchungen<\/li><li>Der kostenlose Tag hat keinen Barwert und ist nicht \u00fcbertragbar<br> <br> <br><\/li><li>Es gelten die \u00fcblichen Mietbedingungen<\/li><li>Bei vorzeitiger R\u00fcckgabe erfolgt keine R\u00fcckerstattung in bar<\/li><\/ul><p>Smart Wheels Rentals beh\u00e4lt sich das Recht vor, diese Aktion jederzeit und ohne vorherige Ank\u00fcndigung zu \u00e4ndern oder zu beenden.<\/p><h2>Bereit, l\u00e4ngerrr im Paradies zu fahren?<\/h2><p>Buche heute online oder besuche unser B\u00fcro, um von diesem zeitlich begrenzten Angebot zu profitieren.<\/p>\t\t\t\t\t\t\t\t<\/div>\n\t\t\t\t<\/div>\n\t\t\t\t\t<\/div>\n\t\t<\/div>\n\t\t\t\t\t<\/div>\n\t\t<\/article>\n\t\t\t\t<section class=\"elementor-section elementor-top-section elementor-element elementor-element-10e1a81 elementor-section-boxed elementor-section-height-default elementor-section-height-default\" data-id=\"10e1a81\" data-element_type=\"section\" data-e-type=\"section\">\n\t\t\t\t\t\t<div class=\"elementor-container elementor-column-gap-default\">\n\t\t\t\t\t<div class=\"elementor-column elementor-col-100 elementor-top-column elementor-element elementor-element-22777ce\" data-id=\"22777ce\" data-element_type=\"column\" data-e-type=\"column\">\n\t\t\t<div class=\"elementor-widget-wrap elementor-element-populated\">\n\t\t\t\t\t\t<div class=\"elementor-element elementor-element-42b2735 elementor-widget elementor-widget-spacer\" data-id=\"42b2735\" data-element_type=\"widget\" data-e-type=\"widget\" data-widget_type=\"spacer.default\">\n\t\t\t\t<div class=\"elementor-widget-container\">\n\t\t\t\t\t\t\t<div class=\"elementor-spacer\">\n\t\t\t<div class=\"elementor-spacer-inner\"><\/div>\n\t\t<\/div>\n\t\t\t\t\t\t<\/div>\n\t\t\t\t<\/div>\n\t\t\t\t\t<\/div>\n\t\t<\/div>\n\t\t\t\t\t<\/div>\n\t\t<\/section>\n\t\t\t\t<\/div>\n\t\t","protected":false},"excerpt":{"rendered":"<p>Allgemeine Gesch\u00e4ftsbedingungen \u2014 Fahren Sie l\u00e4nger im Paradies Vom 1. April bis zum 30. Juni erhalten Sie bei einer Anmietung bei Smart Wheels zus\u00e4tzliche Tage kostenlos. So funktioniert es Mieten Sie 3 Tage \u2192 Erhalten Sie 1 zus\u00e4tzlichen Tag GRATIS Mieten Sie 4 Tage \u2192 Erhalten Sie den 5. Tag GRATIS Mieten Sie 5 Tage [&hellip;]<\/p>\n","protected":false},"author":9,"featured_media":0,"parent":0,"menu_order":0,"comment_status":"closed","ping_status":"closed","template":"","meta":{"_acf_changed":false,"footnotes":""},"class_list":["post-342896","page","type-page","status-publish","hentry"],"acf":[],"yoast_head":"<!-- This site is optimized with the Yoast SEO plugin v27.5 - https:\/\/yoast.com\/product\/yoast-seo-wordpress\/ -->\n<title>Allgemeine Gesch\u00e4ftsbedingungen \u2013 FAHREN SIE L\u00c4NGER IM PARADIES - Smart Wheels<\/title>\n<meta name=\"description\" content=\"\u00dcberpr\u00fcfe die Mietbedingungen f\u00fcr SmartWheels Cura\u00e7ao. Mache dich mit unseren Richtlinien f\u00fcr Auto- und Rollervermietungen vertraut, bevor du buchst.\" \/>\n<meta name=\"robots\" content=\"noindex, nofollow\" \/>\n<meta property=\"og:locale\" content=\"de_DE\" \/>\n<meta property=\"og:type\" content=\"article\" \/>\n<meta property=\"og:title\" content=\"Allgemeine Gesch\u00e4ftsbedingungen \u2013 FAHREN SIE L\u00c4NGER IM PARADIES - Smart Wheels\" \/>\n<meta property=\"og:description\" content=\"\u00dcberpr\u00fcfe die Mietbedingungen f\u00fcr SmartWheels Cura\u00e7ao. Mache dich mit unseren Richtlinien f\u00fcr Auto- und Rollervermietungen vertraut, bevor du buchst.\" \/>\n<meta property=\"og:url\" content=\"https:\/\/smartwheelscuracao.com\/de\/terms-of-use-drive-longerrr-in-paradise\/\" \/>\n<meta property=\"og:site_name\" content=\"Smart Wheels\" \/>\n<meta property=\"article:publisher\" content=\"https:\/\/www.facebook.com\/SmartWheelsCuracao\/\" \/>\n<meta property=\"article:modified_time\" content=\"2026-03-31T00:56:01+00:00\" \/>\n<meta property=\"og:image\" content=\"https:\/\/smartwheelscuracao.com\/wp-content\/uploads\/2020\/05\/social-media.png\" \/>\n\t<meta property=\"og:image:width\" content=\"1200\" \/>\n\t<meta property=\"og:image:height\" content=\"630\" \/>\n\t<meta property=\"og:image:type\" content=\"image\/png\" \/>\n<meta name=\"twitter:card\" content=\"summary_large_image\" \/>\n<meta name=\"twitter:label1\" content=\"Gesch\u00e4tzte Lesezeit\" \/>\n\t<meta name=\"twitter:data1\" content=\"1\u00a0Minute\" \/>\n<script type=\"application\/ld+json\" class=\"yoast-schema-graph\">{\"@context\":\"https:\\\/\\\/schema.org\",\"@graph\":[{\"@type\":\"WebPage\",\"@id\":\"https:\\\/\\\/smartwheelscuracao.com\\\/de\\\/terms-of-use-drive-longerrr-in-paradise\\\/\",\"url\":\"https:\\\/\\\/smartwheelscuracao.com\\\/de\\\/terms-of-use-drive-longerrr-in-paradise\\\/\",\"name\":\"Allgemeine Gesch\u00e4ftsbedingungen \u2013 FAHREN SIE L\u00c4NGER IM PARADIES - Smart Wheels\",\"isPartOf\":{\"@id\":\"https:\\\/\\\/smartwheelscuracao.com\\\/de\\\/#website\"},\"datePublished\":\"2026-03-07T02:09:07+00:00\",\"dateModified\":\"2026-03-31T00:56:01+00:00\",\"description\":\"\u00dcberpr\u00fcfe die Mietbedingungen f\u00fcr SmartWheels Cura\u00e7ao. Mache dich mit unseren Richtlinien f\u00fcr Auto- und Rollervermietungen vertraut, bevor du buchst.\",\"breadcrumb\":{\"@id\":\"https:\\\/\\\/smartwheelscuracao.com\\\/de\\\/terms-of-use-drive-longerrr-in-paradise\\\/#breadcrumb\"},\"inLanguage\":\"de\",\"potentialAction\":[{\"@type\":\"ReadAction\",\"target\":[\"https:\\\/\\\/smartwheelscuracao.com\\\/de\\\/terms-of-use-drive-longerrr-in-paradise\\\/\"]}]},{\"@type\":\"BreadcrumbList\",\"@id\":\"https:\\\/\\\/smartwheelscuracao.com\\\/de\\\/terms-of-use-drive-longerrr-in-paradise\\\/#breadcrumb\",\"itemListElement\":[{\"@type\":\"ListItem\",\"position\":1,\"name\":\"Home\",\"item\":\"https:\\\/\\\/smartwheelscuracao.com\\\/de\\\/\"},{\"@type\":\"ListItem\",\"position\":2,\"name\":\"Allgemeine Gesch\u00e4ftsbedingungen \u2013 FAHREN SIE L\u00c4NGER IM PARADIES\"}]},{\"@type\":\"WebSite\",\"@id\":\"https:\\\/\\\/smartwheelscuracao.com\\\/de\\\/#website\",\"url\":\"https:\\\/\\\/smartwheelscuracao.com\\\/de\\\/\",\"name\":\"Smart Wheels\",\"description\":\"BEST car rental in curacao - if you\u2019re looking for car rental services near me - Smartwheels is the place to be\",\"publisher\":{\"@id\":\"https:\\\/\\\/smartwheelscuracao.com\\\/de\\\/#organization\"},\"potentialAction\":[{\"@type\":\"SearchAction\",\"target\":{\"@type\":\"EntryPoint\",\"urlTemplate\":\"https:\\\/\\\/smartwheelscuracao.com\\\/de\\\/?s={search_term_string}\"},\"query-input\":{\"@type\":\"PropertyValueSpecification\",\"valueRequired\":true,\"valueName\":\"search_term_string\"}}],\"inLanguage\":\"de\"},{\"@type\":\"Organization\",\"@id\":\"https:\\\/\\\/smartwheelscuracao.com\\\/de\\\/#organization\",\"name\":\"Smart Wheels\",\"url\":\"https:\\\/\\\/smartwheelscuracao.com\\\/de\\\/\",\"logo\":{\"@type\":\"ImageObject\",\"inLanguage\":\"de\",\"@id\":\"https:\\\/\\\/smartwheelscuracao.com\\\/de\\\/#\\\/schema\\\/logo\\\/image\\\/\",\"url\":\"https:\\\/\\\/smartwheelscuracao.com\\\/wp-content\\\/uploads\\\/2020\\\/03\\\/SmartWheels-Logo.svg\",\"contentUrl\":\"https:\\\/\\\/smartwheelscuracao.com\\\/wp-content\\\/uploads\\\/2020\\\/03\\\/SmartWheels-Logo.svg\",\"width\":451.94999999999998863131622783839702606201171875,\"height\":190.6200000000000045474735088646411895751953125,\"caption\":\"Smart Wheels\"},\"image\":{\"@id\":\"https:\\\/\\\/smartwheelscuracao.com\\\/de\\\/#\\\/schema\\\/logo\\\/image\\\/\"},\"sameAs\":[\"https:\\\/\\\/www.facebook.com\\\/SmartWheelsCuracao\\\/\",\"https:\\\/\\\/www.instagram.com\\\/smartwheelscuracao\\\/\"]}]}<\/script>\n<!-- \/ Yoast SEO plugin. -->","yoast_head_json":{"title":"Allgemeine Gesch\u00e4ftsbedingungen \u2013 FAHREN SIE L\u00c4NGER IM PARADIES - Smart Wheels","description":"\u00dcberpr\u00fcfe die Mietbedingungen f\u00fcr SmartWheels Cura\u00e7ao. Mache dich mit unseren Richtlinien f\u00fcr Auto- und Rollervermietungen vertraut, bevor du buchst.","robots":{"index":"noindex","follow":"nofollow"},"og_locale":"de_DE","og_type":"article","og_title":"Allgemeine Gesch\u00e4ftsbedingungen \u2013 FAHREN SIE L\u00c4NGER IM PARADIES - Smart Wheels","og_description":"\u00dcberpr\u00fcfe die Mietbedingungen f\u00fcr SmartWheels Cura\u00e7ao. Mache dich mit unseren Richtlinien f\u00fcr Auto- und Rollervermietungen vertraut, bevor du buchst.","og_url":"https:\/\/smartwheelscuracao.com\/de\/terms-of-use-drive-longerrr-in-paradise\/","og_site_name":"Smart Wheels","article_publisher":"https:\/\/www.facebook.com\/SmartWheelsCuracao\/","article_modified_time":"2026-03-31T00:56:01+00:00","og_image":[{"width":1200,"height":630,"url":"https:\/\/smartwheelscuracao.com\/wp-content\/uploads\/2020\/05\/social-media.png","type":"image\/png"}],"twitter_card":"summary_large_image","twitter_misc":{"Gesch\u00e4tzte Lesezeit":"1\u00a0Minute"},"schema":{"@context":"https:\/\/schema.org","@graph":[{"@type":"WebPage","@id":"https:\/\/smartwheelscuracao.com\/de\/terms-of-use-drive-longerrr-in-paradise\/","url":"https:\/\/smartwheelscuracao.com\/de\/terms-of-use-drive-longerrr-in-paradise\/","name":"Allgemeine Gesch\u00e4ftsbedingungen \u2013 FAHREN SIE L\u00c4NGER IM PARADIES - Smart Wheels","isPartOf":{"@id":"https:\/\/smartwheelscuracao.com\/de\/#website"},"datePublished":"2026-03-07T02:09:07+00:00","dateModified":"2026-03-31T00:56:01+00:00","description":"\u00dcberpr\u00fcfe die Mietbedingungen f\u00fcr SmartWheels Cura\u00e7ao. Mache dich mit unseren Richtlinien f\u00fcr Auto- und Rollervermietungen vertraut, bevor du buchst.","breadcrumb":{"@id":"https:\/\/smartwheelscuracao.com\/de\/terms-of-use-drive-longerrr-in-paradise\/#breadcrumb"},"inLanguage":"de","potentialAction":[{"@type":"ReadAction","target":["https:\/\/smartwheelscuracao.com\/de\/terms-of-use-drive-longerrr-in-paradise\/"]}]},{"@type":"BreadcrumbList","@id":"https:\/\/smartwheelscuracao.com\/de\/terms-of-use-drive-longerrr-in-paradise\/#breadcrumb","itemListElement":[{"@type":"ListItem","position":1,"name":"Home","item":"https:\/\/smartwheelscuracao.com\/de\/"},{"@type":"ListItem","position":2,"name":"Allgemeine Gesch\u00e4ftsbedingungen \u2013 FAHREN SIE L\u00c4NGER IM PARADIES"}]},{"@type":"WebSite","@id":"https:\/\/smartwheelscuracao.com\/de\/#website","url":"https:\/\/smartwheelscuracao.com\/de\/","name":"Smart Wheels","description":"BEST car rental in curacao - if you\u2019re looking for car rental services near me - Smartwheels is the place to be","publisher":{"@id":"https:\/\/smartwheelscuracao.com\/de\/#organization"},"potentialAction":[{"@type":"SearchAction","target":{"@type":"EntryPoint","urlTemplate":"https:\/\/smartwheelscuracao.com\/de\/?s={search_term_string}"},"query-input":{"@type":"PropertyValueSpecification","valueRequired":true,"valueName":"search_term_string"}}],"inLanguage":"de"},{"@type":"Organization","@id":"https:\/\/smartwheelscuracao.com\/de\/#organization","name":"Smart Wheels","url":"https:\/\/smartwheelscuracao.com\/de\/","logo":{"@type":"ImageObject","inLanguage":"de","@id":"https:\/\/smartwheelscuracao.com\/de\/#\/schema\/logo\/image\/","url":"https:\/\/smartwheelscuracao.com\/wp-content\/uploads\/2020\/03\/SmartWheels-Logo.svg","contentUrl":"https:\/\/smartwheelscuracao.com\/wp-content\/uploads\/2020\/03\/SmartWheels-Logo.svg","width":451.94999999999998863131622783839702606201171875,"height":190.6200000000000045474735088646411895751953125,"caption":"Smart Wheels"},"image":{"@id":"https:\/\/smartwheelscuracao.com\/de\/#\/schema\/logo\/image\/"},"sameAs":["https:\/\/www.facebook.com\/SmartWheelsCuracao\/","https:\/\/www.instagram.com\/smartwheelscuracao\/"]}]}},"_links":{"self":[{"href":"https:\/\/smartwheelscuracao.com\/de\/wp-json\/wp\/v2\/pages\/342896","targetHints":{"allow":["GET"]}}],"collection":[{"href":"https:\/\/smartwheelscuracao.com\/de\/wp-json\/wp\/v2\/pages"}],"about":[{"href":"https:\/\/smartwheelscuracao.com\/de\/wp-json\/wp\/v2\/types\/page"}],"author":[{"embeddable":true,"href":"https:\/\/smartwheelscuracao.com\/de\/wp-json\/wp\/v2\/users\/9"}],"replies":[{"embeddable":true,"href":"https:\/\/smartwheelscuracao.com\/de\/wp-json\/wp\/v2\/comments?post=342896"}],"version-history":[{"count":1,"href":"https:\/\/smartwheelscuracao.com\/de\/wp-json\/wp\/v2\/pages\/342896\/revisions"}],"predecessor-version":[{"id":342897,"href":"https:\/\/smartwheelscuracao.com\/de\/wp-json\/wp\/v2\/pages\/342896\/revisions\/342897"}],"wp:attachment":[{"href":"https:\/\/smartwheelscuracao.com\/de\/wp-json\/wp\/v2\/media?parent=342896"}],"curies":[{"name":"wp","href":"https:\/\/api.w.org\/{rel}","templated":true}]}}